{"id":14,"date":"2025-01-27T11:52:29","date_gmt":"2025-01-27T11:52:29","guid":{"rendered":"https:\/\/jqaxpch.cluster100.hosting.ovh.net\/?page_id=14"},"modified":"2025-02-09T16:33:58","modified_gmt":"2025-02-09T14:33:58","slug":"contact","status":"publish","type":"page","link":"https:\/\/mikkotukonen.fi\/index.php\/contact\/","title":{"rendered":"Yhteydet"},"content":{"rendered":"\t\t<div data-elementor-type=\"wp-page\" data-elementor-id=\"14\" class=\"elementor elementor-14\" data-elementor-post-type=\"page\">\n\t\t\t\t<div class=\"elementor-element elementor-element-78fde13d e-flex e-con-boxed e-con e-parent\" data-id=\"78fde13d\" data-element_type=\"container\">\n\t\t\t\t\t<div class=\"e-con-inner\">\n\t\t\t\t<div class=\"elementor-element elementor-element-6384fd6 elementor-widget elementor-widget-google_maps\" data-id=\"6384fd6\" data-element_type=\"widget\" data-widget_type=\"google_maps.default\">\n\t\t\t\t<div class=\"elementor-widget-container\">\n\t\t\t\t\t\t\t<div class=\"elementor-custom-embed\">\n\t\t\t<iframe loading=\"lazy\"\n\t\t\t\t\tsrc=\"https:\/\/maps.google.com\/maps?q=Tomatette%20Oy&#038;t=m&#038;z=14&#038;output=embed&#038;iwloc=near\"\n\t\t\t\t\ttitle=\"Tomatette Oy\"\n\t\t\t\t\taria-label=\"Tomatette Oy\"\n\t\t\t><\/iframe>\n\t\t<\/div>\n\t\t\t\t\t\t<\/div>\n\t\t\t\t<\/div>\n\t\t\t\t\t<\/div>\n\t\t\t\t<\/div>\n\t\t<div class=\"elementor-element elementor-element-19834a6 e-flex e-con-boxed e-con e-parent\" data-id=\"19834a6\" data-element_type=\"container\">\n\t\t\t\t\t<div class=\"e-con-inner\">\n\t\t\t\t<div class=\"elementor-element elementor-element-83180c9 elementor-widget elementor-widget-heading\" data-id=\"83180c9\" data-element_type=\"widget\" data-widget_type=\"heading.default\">\n\t\t\t\t<div class=\"elementor-widget-container\">\n\t\t\t\t\t<h3 class=\"elementor-heading-title elementor-size-default\">Yhteystiedot<\/h3>\t\t\t\t<\/div>\n\t\t\t\t<\/div>\n\t\t\t\t\t<\/div>\n\t\t\t\t<\/div>\n\t\t<div class=\"elementor-element elementor-element-b7be9cd e-flex e-con-boxed e-con e-parent\" data-id=\"b7be9cd\" data-element_type=\"container\">\n\t\t\t\t\t<div class=\"e-con-inner\">\n\t\t<div class=\"elementor-element elementor-element-ec50786 e-con-full e-flex e-con e-child\" data-id=\"ec50786\" data-element_type=\"container\">\n\t\t\t\t<div class=\"elementor-element elementor-element-64992fb elementor-widget elementor-widget-heading\" data-id=\"64992fb\" data-element_type=\"widget\" data-widget_type=\"heading.default\">\n\t\t\t\t<div class=\"elementor-widget-container\">\n\t\t\t\t\t<h4 class=\"elementor-heading-title elementor-size-default\">L\u00e4het\u00e4 kommentti <\/br>tai viesti Mikolle<\/h4>\t\t\t\t<\/div>\n\t\t\t\t<\/div>\n\t\t\t\t<div class=\"elementor-element elementor-element-357628b elementor-widget elementor-widget-wpforms\" data-id=\"357628b\" data-element_type=\"widget\" data-widget_type=\"wpforms.default\">\n\t\t\t\t<div class=\"elementor-widget-container\">\n\t\t\t\t\t<div class=\"wpforms-container wpforms-container-full\" id=\"wpforms-90\"><form id=\"wpforms-form-90\" class=\"wpforms-validate wpforms-form\" data-formid=\"90\" method=\"post\" enctype=\"multipart\/form-data\" action=\"\/index.php\/wp-json\/wp\/v2\/pages\/14\" data-token=\"20dec23a6047c85176c6f4ca37801464\" data-token-time=\"1776350577\"><noscript class=\"wpforms-error-noscript\">Please enable JavaScript in your browser to complete this form.<\/noscript><div class=\"wpforms-field-container\">\t\t<div id=\"wpforms-90-field_1-container\"\n\t\t\tclass=\"wpforms-field wpforms-field-text\"\n\t\t\tdata-field-type=\"text\"\n\t\t\tdata-field-id=\"1\"\n\t\t\t>\n\t\t\t<label class=\"wpforms-field-label\" for=\"wpforms-90-field_1\" >Puhelin Nimi S\u00e4hk\u00f6posti<\/label>\n\t\t\t<input type=\"text\" id=\"wpforms-90-field_1\" class=\"wpforms-field-medium\" name=\"wpforms[fields][1]\" >\n\t\t<\/div>\n\t\t<div id=\"wpforms-90-field_11-container\" class=\"wpforms-field wpforms-field-text\" data-field-id=\"11\"><label class=\"wpforms-field-label\" for=\"wpforms-90-field_11\">Nimi<\/label><input type=\"text\" id=\"wpforms-90-field_11\" class=\"wpforms-field-medium\" name=\"wpforms[fields][11]\" ><\/div><div id=\"wpforms-90-field_9-container\" class=\"wpforms-field wpforms-field-text\" data-field-id=\"9\"><label class=\"wpforms-field-label\" for=\"wpforms-90-field_9\">Puhelin<\/label><input type=\"text\" id=\"wpforms-90-field_9\" class=\"wpforms-field-medium\" name=\"wpforms[fields][9]\" ><\/div><div id=\"wpforms-90-field_10-container\" class=\"wpforms-field wpforms-field-text\" data-field-id=\"10\"><label class=\"wpforms-field-label\" for=\"wpforms-90-field_10\">S\u00e4hk\u00f6posti<\/label><input type=\"text\" id=\"wpforms-90-field_10\" class=\"wpforms-field-medium\" name=\"wpforms[fields][10]\" ><\/div><div id=\"wpforms-90-field_2-container\" class=\"wpforms-field wpforms-field-textarea\" data-field-id=\"2\"><label class=\"wpforms-field-label\" for=\"wpforms-90-field_2\">Viesti<\/label><textarea id=\"wpforms-90-field_2\" class=\"wpforms-field-medium\" name=\"wpforms[fields][2]\" ><\/textarea><\/div><script>\n\t\t\t\t( function() {\n\t\t\t\t\tconst style = document.createElement( 'style' );\n\t\t\t\t\tstyle.appendChild( document.createTextNode( '#wpforms-90-field_1-container { position: absolute !important; overflow: hidden !important; display: inline !important; height: 1px !important; width: 1px !important; z-index: -1000 !important; padding: 0 !important; } #wpforms-90-field_1-container input { visibility: hidden; } #wpforms-conversational-form-page #wpforms-90-field_1-container label { counter-increment: none; }' ) );\n\t\t\t\t\tdocument.head.appendChild( style );\n\t\t\t\t\tdocument.currentScript?.remove();\n\t\t\t\t} )();\n\t\t\t<\/script><\/div><!-- .wpforms-field-container --><div class=\"wpforms-recaptcha-container wpforms-is-recaptcha wpforms-is-recaptcha-type-v2\" ><div class=\"g-recaptcha\" data-sitekey=\"6LdB-tEqAAAAADfF7G2DZHZdAN6wvzwb1Xq0udMu\"><\/div><input type=\"text\" name=\"g-recaptcha-hidden\" class=\"wpforms-recaptcha-hidden\" style=\"position:absolute!important;clip:rect(0,0,0,0)!important;height:1px!important;width:1px!important;border:0!important;overflow:hidden!important;padding:0!important;margin:0!important;\" data-rule-recaptcha=\"1\"><\/div><div class=\"wpforms-submit-container\" ><input type=\"hidden\" name=\"wpforms[id]\" value=\"90\"><input type=\"hidden\" name=\"page_title\" value=\"\"><input type=\"hidden\" name=\"page_url\" value=\"https:\/\/mikkotukonen.fi\/index.php\/wp-json\/wp\/v2\/pages\/14\"><input type=\"hidden\" name=\"url_referer\" value=\"\"><button type=\"submit\" name=\"wpforms[submit]\" id=\"wpforms-submit-90\" class=\"wpforms-submit\" data-alt-text=\"L\u00e4hett\u00e4\u00e4...\" data-submit-text=\"L\u00e4het\u00e4\" aria-live=\"assertive\" value=\"wpforms-submit\">L\u00e4het\u00e4<\/button><\/div><\/form><\/div>  <!-- .wpforms-container -->\t\t\t\t<\/div>\n\t\t\t\t<\/div>\n\t\t\t\t<\/div>\n\t\t<div class=\"elementor-element elementor-element-819f13b e-con-full e-flex e-con e-child\" data-id=\"819f13b\" data-element_type=\"container\">\n\t\t\t\t<div class=\"elementor-element elementor-element-348189b elementor-widget elementor-widget-image\" data-id=\"348189b\" data-element_type=\"widget\" data-widget_type=\"image.default\">\n\t\t\t\t<div class=\"elementor-widget-container\">\n\t\t\t\t\t\t\t\t\t\t\t\t\t\t\t<img fetchpriority=\"high\" decoding=\"async\" width=\"360\" height=\"240\" src=\"https:\/\/i0.wp.com\/mikkotukonen.fi\/wp-content\/uploads\/2025\/02\/IMG-20241109-WA0003.jpg?resize=360%2C240&amp;ssl=1\" class=\"attachment-hestia-blog size-hestia-blog wp-image-133\" alt=\"\" \/>\t\t\t\t\t\t\t\t\t\t\t\t\t\t\t<\/div>\n\t\t\t\t<\/div>\n\t\t\t\t<div class=\"elementor-element elementor-element-a3587f8 elementor-widget elementor-widget-text-editor\" data-id=\"a3587f8\" data-element_type=\"widget\" data-widget_type=\"text-editor.default\">\n\t\t\t\t<div class=\"elementor-widget-container\">\n\t\t\t\t\t\t\t\t\t<div class=\"wp-block-columns container\">\n<div class=\"wp-block-column is-vertically-aligned-center\">\n<div class=\"wp-block-columns\">\n<div class=\"wp-block-column\" style=\"flex-basis: 50%;\">\n<h4 class=\"wp-block-heading has-text-align-left hestia-title has-text-color\" style=\"color: #3c4858; font-size: 18px;\"><strong>Mikko Tukonen<\/strong><\/h4>\n<p><\/p>\n<p><!-- \/wp:heading --><!-- wp:paragraph {\"align\":\"left\",\"style\":{\"typography\":{\"fontSize\":18},\"color\":{\"text\":\"#999999\"}}} --><!-- \/wp:paragraph --><!-- wp:spacer {\"height\":\"40px\"} --><!-- \/wp:spacer --><!-- wp:heading {\"textAlign\":\"left\",\"level\":4,\"className\":\"hestia-title\",\"style\":{\"typography\":{\"fontSize\":18},\"color\":{\"text\":\"#3c4858\"}}} --><\/p>\n<h4 class=\"wp-block-heading has-text-align-left hestia-title has-text-color\" style=\"color: #3c4858; font-size: 18px;\"><img decoding=\"async\" data-recalc-dims=\"1\" class=\"wp-image-98\" style=\"width: 25px;\" src=\"https:\/\/i0.wp.com\/jqaxpch.cluster100.hosting.ovh.net\/wp-content\/themes\/hestia-pro\/assets\/img\/contact2.png?w=750&#038;ssl=1\" alt=\"\" \/> <strong>Puhelin<\/strong><\/h4>\n<p><!-- \/wp:heading --><!-- wp:paragraph {\"align\":\"left\",\"style\":{\"color\":{\"text\":\"#999999\"},\"typography\":{\"fontSize\":18}}} --><\/p>\n<h4 class=\"has-text-align-left has-text-color\" style=\"color: #999999; font-size: 18px;\">0400 58 1111<\/h4>\n<p><!-- \/wp:spacer --><!-- wp:heading {\"textAlign\":\"left\",\"level\":4,\"className\":\"hestia-title\",\"style\":{\"color\":{\"text\":\"#3c4858\"},\"typography\":{\"fontSize\":18}}} --><\/p>\n<h4 class=\"wp-block-heading has-text-align-left hestia-title has-text-color\" style=\"color: #3c4858; font-size: 18px;\"><img decoding=\"async\" data-recalc-dims=\"1\" class=\"wp-image-105\" style=\"width: 25px;\" src=\"https:\/\/i0.wp.com\/jqaxpch.cluster100.hosting.ovh.net\/wp-content\/themes\/hestia-pro\/assets\/img\/contact3.png?w=750&#038;ssl=1\" alt=\"\" \/><strong> S\u00e4hk\u00f6posti<\/strong><\/h4>\n<p><!-- \/wp:heading --><!-- wp:paragraph {\"align\":\"left\",\"style\":{\"color\":{\"text\":\"#999999\"},\"typography\":{\"fontSize\":18}}} --><\/p>\n<p class=\"has-text-align-left has-text-color\" style=\"color: #999999; font-size: 18px;\"><a href=\"mailto:mikko.tukonen@gmail.com\">mikko.tukonen@gmail.com<\/a><\/p>\n<p><!-- \/wp:paragraph --><\/p>\n<\/div>\n<p><!-- \/wp:column --><!-- wp:column --><\/p>\n<div class=\"wp-block-column\"><\/div>\n<p><!-- \/wp:column --><\/p>\n<\/div>\n<p><!-- \/wp:columns --><\/p>\n<\/div>\n<p><!-- \/wp:column --><\/p>\n<\/div>\n<p><!-- \/wp:columns --><!-- wp:paragraph --><\/p>\t\t\t\t\t\t\t\t<\/div>\n\t\t\t\t<\/div>\n\t\t\t\t<\/div>\n\t\t\t\t\t<\/div>\n\t\t\t\t<\/div>\n\t\t\t\t<\/div>\n\t\t","protected":false},"excerpt":{"rendered":"<p>Yhteystiedot L\u00e4het\u00e4 kommentti tai viesti Mikolle Please enable JavaScript in your browser to complete this form.NimiPuhelinS\u00e4hk\u00f6postiViesti L\u00e4het\u00e4 Mikko Tukonen Puhelin 0400 58 1111 S\u00e4hk\u00f6posti mikko.tukonen@gmail.com<\/p>\n","protected":false},"author":1,"featured_media":6,"parent":0,"menu_order":0,"comment_status":"closed","ping_status":"closed","template":"page-templates\/template-pagebuilder-full-width.php","meta":{"footnotes":""},"class_list":["post-14","page","type-page","status-publish","has-post-thumbnail","hentry"],"jetpack_sharing_enabled":true,"_links":{"self":[{"href":"https:\/\/mikkotukonen.fi\/index.php\/wp-json\/wp\/v2\/pages\/14","targetHints":{"allow":["GET"]}}],"collection":[{"href":"https:\/\/mikkotukonen.fi\/index.php\/wp-json\/wp\/v2\/pages"}],"about":[{"href":"https:\/\/mikkotukonen.fi\/index.php\/wp-json\/wp\/v2\/types\/page"}],"author":[{"embeddable":true,"href":"https:\/\/mikkotukonen.fi\/index.php\/wp-json\/wp\/v2\/users\/1"}],"replies":[{"embeddable":true,"href":"https:\/\/mikkotukonen.fi\/index.php\/wp-json\/wp\/v2\/comments?post=14"}],"version-history":[{"count":33,"href":"https:\/\/mikkotukonen.fi\/index.php\/wp-json\/wp\/v2\/pages\/14\/revisions"}],"predecessor-version":[{"id":400,"href":"https:\/\/mikkotukonen.fi\/index.php\/wp-json\/wp\/v2\/pages\/14\/revisions\/400"}],"wp:featuredmedia":[{"embeddable":true,"href":"https:\/\/mikkotukonen.fi\/index.php\/wp-json\/wp\/v2\/media\/6"}],"wp:attachment":[{"href":"https:\/\/mikkotukonen.fi\/index.php\/wp-json\/wp\/v2\/media?parent=14"}],"curies":[{"name":"wp","href":"https:\/\/api.w.org\/{rel}","templated":true}]}}